{"id":12,"date":"2023-03-09T15:04:58","date_gmt":"2023-03-09T15:04:58","guid":{"rendered":"https:\/\/nurmuizaspils.com\/?page_id=12"},"modified":"2023-07-30T14:38:44","modified_gmt":"2023-07-30T14:38:44","slug":"nurmuizas-pils","status":"publish","type":"page","link":"https:\/\/nurmuiza.lv\/ru\/nurmuizas-pils\/","title":{"rendered":"Nurmui\u017e\u0101s Pils Coming Soon"},"content":{"rendered":"<div data-elementor-type=\"wp-page\" data-elementor-id=\"12\" class=\"elementor elementor-12\" data-elementor-post-type=\"page\">\n\t\t\t\t<div data-dce-background-overlay-color=\"#000000\" class=\"elementor-element elementor-element-0ed9790 e-flex e-con-boxed e-con e-parent\" data-id=\"0ed9790\" data-element_type=\"container\" data-settings=\"{&quot;background_background&quot;:&quot;video&quot;,&quot;background_video_start&quot;:6,&quot;background_play_on_mobile&quot;:&quot;yes&quot;}\">\n\t\t\t\t\t<div class=\"e-con-inner\">\n\t\t<div class=\"elementor-element elementor-element-5f5558b e-con-full e-flex e-con e-child\" data-id=\"5f5558b\" data-element_type=\"container\">\n\t\t\t\t<div class=\"elementor-element elementor-element-e540156 dce_masking-none elementor-widget elementor-widget-image\" data-id=\"e540156\" data-element_type=\"widget\" data-widget_type=\"image.default\">\n\t\t\t\t<div class=\"elementor-widget-container\">\n\t\t\t\t\t\t\t\t\t\t\t\t\t<img fetchpriority=\"high\" decoding=\"async\" width=\"1080\" height=\"441\" src=\"https:\/\/nurmuiza.lv\/wp-content\/uploads\/2023\/03\/Nurmuizas-pils-logo-white.png\" class=\"attachment-full size-full wp-image-77\" alt=\"\" srcset=\"https:\/\/nurmuiza.lv\/wp-content\/uploads\/2023\/03\/Nurmuizas-pils-logo-white.png 1080w, https:\/\/nurmuiza.lv\/wp-content\/uploads\/2023\/03\/Nurmuizas-pils-logo-white-300x123.png 300w, https:\/\/nurmuiza.lv\/wp-content\/uploads\/2023\/03\/Nurmuizas-pils-logo-white-1024x418.png 1024w, https:\/\/nurmuiza.lv\/wp-content\/uploads\/2023\/03\/Nurmuizas-pils-logo-white-768x314.png 768w\" sizes=\"(max-width: 1080px) 100vw, 1080px\" \/>\t\t\t\t\t\t\t\t\t\t\t\t\t<\/div>\n\t\t\t\t<\/div>\n\t\t\t\t<div class=\"elementor-element elementor-element-0e832b6 elementor-widget elementor-widget-heading\" data-id=\"0e832b6\" data-element_type=\"widget\" data-widget_type=\"heading.default\">\n\t\t\t\t<div class=\"elementor-widget-container\">\n\t\t\t<h2 class=\"elementor-heading-title elementor-size-default\">Rezerv\u0101cija<\/h2>\t\t<\/div>\n\t\t\t\t<\/div>\n\t\t\t\t<div class=\"elementor-element elementor-element-3e6971a elementor-widget elementor-widget-heading\" data-id=\"3e6971a\" data-element_type=\"widget\" data-widget_type=\"heading.default\">\n\t\t\t\t<div class=\"elementor-widget-container\">\n\t\t\t<h6 class=\"elementor-heading-title elementor-size-default\">\u0420\u0435\u0441\u0442\u043e\u0440\u0430\u043d<\/h6>\t\t<\/div>\n\t\t\t\t<\/div>\n\t\t\t\t<div data-dce-background-color=\"#810CFF00\" class=\"elementor-element elementor-element-8c59037 elementor-align-center elementor-widget elementor-widget-button\" data-id=\"8c59037\" data-element_type=\"widget\" data-widget_type=\"button.default\">\n\t\t\t\t<div class=\"elementor-widget-container\">\n\t\t\t\t\t<div class=\"elementor-button-wrapper\">\n\t\t\t<a class=\"elementor-button elementor-button-link elementor-size-sm\" href=\"tel: 37126486389\">\n\t\t\t\t\t\t<span class=\"elementor-button-content-wrapper\">\n\t\t\t\t\t\t\t\t\t<span class=\"elementor-button-text\">+371 26 486 389<\/span>\n\t\t\t\t\t<\/span>\n\t\t\t\t\t<\/a>\n\t\t<\/div>\n\t\t\t\t<\/div>\n\t\t\t\t<\/div>\n\t\t\t\t<div class=\"elementor-element elementor-element-9336ca4 elementor-widget elementor-widget-heading\" data-id=\"9336ca4\" data-element_type=\"widget\" data-widget_type=\"heading.default\">\n\t\t\t\t<div class=\"elementor-widget-container\">\n\t\t\t<h6 class=\"elementor-heading-title elementor-size-default\">\u0413\u043e\u0441\u0442\u0438\u043d\u0438\u0446\u0430 \u0438 \u0421\u041f\u0410<\/h6>\t\t<\/div>\n\t\t\t\t<\/div>\n\t\t\t\t<div data-dce-background-color=\"#810CFF00\" class=\"elementor-element elementor-element-d295959 elementor-align-center elementor-widget elementor-widget-button\" data-id=\"d295959\" data-element_type=\"widget\" data-widget_type=\"button.default\">\n\t\t\t\t<div class=\"elementor-widget-container\">\n\t\t\t\t\t<div class=\"elementor-button-wrapper\">\n\t\t\t<a class=\"elementor-button elementor-button-link elementor-size-sm\" href=\"tel: 37129998520\">\n\t\t\t\t\t\t<span class=\"elementor-button-content-wrapper\">\n\t\t\t\t\t\t\t\t\t<span class=\"elementor-button-text\">+371 29 998 520<\/span>\n\t\t\t\t\t<\/span>\n\t\t\t\t\t<\/a>\n\t\t<\/div>\n\t\t\t\t<\/div>\n\t\t\t\t<\/div>\n\t\t<div class=\"elementor-element elementor-element-5658f02 e-con-full e-flex e-con e-child\" data-id=\"5658f02\" data-element_type=\"container\">\n\t\t<div class=\"elementor-element elementor-element-952f542 e-con-full e-flex e-con e-child\" data-id=\"952f542\" data-element_type=\"container\">\n\t\t\t\t<div class=\"elementor-element elementor-element-60b1774 elementor-shape-rounded elementor-grid-0 e-grid-align-center elementor-widget elementor-widget-social-icons\" data-id=\"60b1774\" data-element_type=\"widget\" data-widget_type=\"social-icons.default\">\n\t\t\t\t<div class=\"elementor-widget-container\">\n\t\t\t\t\t<div class=\"elementor-social-icons-wrapper elementor-grid\">\n\t\t\t\t\t\t\t<span class=\"elementor-grid-item\">\n\t\t\t\t\t<a class=\"elementor-icon elementor-social-icon elementor-social-icon-facebook elementor-repeater-item-90dda01\" href=\"https:\/\/www.facebook.com\/nurmuizasrestorans\" target=\"_blank\" rel=\"noopener\">\n\t\t\t\t\t\t<span class=\"elementor-screen-only\">Facebook<\/span>\n\t\t\t\t\t\t<i class=\"fab fa-facebook\"><\/i>\t\t\t\t\t<\/a>\n\t\t\t\t<\/span>\n\t\t\t\t\t\t\t<span class=\"elementor-grid-item\">\n\t\t\t\t\t<a class=\"elementor-icon elementor-social-icon elementor-social-icon-instagram elementor-repeater-item-792ed6b\" href=\"https:\/\/www.instagram.com\/nurmuizasrestorans\/\" target=\"_blank\" rel=\"noopener\">\n\t\t\t\t\t\t<span class=\"elementor-screen-only\">Instagram<\/span>\n\t\t\t\t\t\t<i class=\"fab fa-instagram\"><\/i>\t\t\t\t\t<\/a>\n\t\t\t\t<\/span>\n\t\t\t\t\t<\/div>\n\t\t\t\t<\/div>\n\t\t\t\t<\/div>\n\t\t\t\t<\/div>\n\t\t\t\t<\/div>\n\t\t\t\t<\/div>\n\t\t\t\t\t<\/div>\n\t\t\t\t<\/div>\n\t\t\t\t<\/div>","protected":false},"excerpt":{"rendered":"<p>Rezerv\u0101cija Restor\u0101ns +371 26 486 389 Viesn\u012bca un SPA +371 29 998 520 Facebook Instagram<\/p>","protected":false},"author":1,"featured_media":76,"parent":0,"menu_order":0,"comment_status":"closed","ping_status":"closed","template":"elementor_canvas","meta":{"footnotes":""},"class_list":["post-12","page","type-page","status-publish","has-post-thumbnail"],"acf":[],"_links":{"self":[{"href":"https:\/\/nurmuiza.lv\/ru\/wp-json\/wp\/v2\/pages\/12","targetHints":{"allow":["GET"]}}],"collection":[{"href":"https:\/\/nurmuiza.lv\/ru\/wp-json\/wp\/v2\/pages"}],"about":[{"href":"https:\/\/nurmuiza.lv\/ru\/wp-json\/wp\/v2\/types\/page"}],"author":[{"embeddable":true,"href":"https:\/\/nurmuiza.lv\/ru\/wp-json\/wp\/v2\/users\/1"}],"replies":[{"embeddable":true,"href":"https:\/\/nurmuiza.lv\/ru\/wp-json\/wp\/v2\/comments?post=12"}],"version-history":[{"count":0,"href":"https:\/\/nurmuiza.lv\/ru\/wp-json\/wp\/v2\/pages\/12\/revisions"}],"wp:featuredmedia":[{"embeddable":true,"href":"https:\/\/nurmuiza.lv\/ru\/wp-json\/wp\/v2\/media\/76"}],"wp:attachment":[{"href":"https:\/\/nurmuiza.lv\/ru\/wp-json\/wp\/v2\/media?parent=12"}],"curies":[{"name":"wp","href":"https:\/\/api.w.org\/{rel}","templated":true}]}}