{"id":7237,"date":"2024-03-22T14:50:11","date_gmt":"2024-03-22T14:50:11","guid":{"rendered":"https:\/\/nurmuiza.lv\/?page_id=7237"},"modified":"2024-03-22T18:01:52","modified_gmt":"2024-03-22T18:01:52","slug":"vip-transfer","status":"publish","type":"page","link":"https:\/\/nurmuiza.lv\/lv\/vip-transfer\/","title":{"rendered":"VIP transf\u0113rs"},"content":{"rendered":"<div data-elementor-type=\"wp-page\" data-elementor-id=\"7237\" class=\"elementor elementor-7237\" data-elementor-post-type=\"page\">\n\t\t\t\t<div data-dce-background-image-url=\"https:\/\/nurmuiza.lv\/wp-content\/uploads\/2024\/03\/Nurmuiza-VIP-transfers-1.webp\" class=\"elementor-element elementor-element-d4a66e2 e-con-full e-flex e-con e-parent\" data-id=\"d4a66e2\" data-element_type=\"container\" data-settings=\"{&quot;background_background&quot;:&quot;classic&quot;}\">\n\t\t<div class=\"elementor-element elementor-element-2bd5021 e-con-full e-flex e-con e-child\" data-id=\"2bd5021\" data-element_type=\"container\" data-settings=\"{&quot;background_background&quot;:&quot;classic&quot;}\">\n\t\t<div class=\"elementor-element elementor-element-2164d1b e-con-full e-flex e-con e-child\" data-id=\"2164d1b\" data-element_type=\"container\">\n\t\t<div class=\"elementor-element elementor-element-b1bf937 e-flex e-con-boxed e-con e-child\" data-id=\"b1bf937\" data-element_type=\"container\">\n\t\t\t\t\t<div class=\"e-con-inner\">\n\t\t\t\t<div class=\"elementor-element elementor-element-411d5da elementor-widget elementor-widget-heading\" data-id=\"411d5da\" data-element_type=\"widget\" data-widget_type=\"heading.default\">\n\t\t\t\t<div class=\"elementor-widget-container\">\n\t\t\t<h1 class=\"elementor-heading-title elementor-size-default\">VIP transf\u0113rs<\/h1>\t\t<\/div>\n\t\t\t\t<\/div>\n\t\t\t\t<div class=\"elementor-element elementor-element-a5176aa elementor-widget elementor-widget-heading\" data-id=\"a5176aa\" data-element_type=\"widget\" data-widget_type=\"heading.default\">\n\t\t\t\t<div class=\"elementor-widget-container\">\n\t\t\t<h3 class=\"elementor-heading-title elementor-size-default\">Nurmui\u017eas Pils<\/h3>\t\t<\/div>\n\t\t\t\t<\/div>\n\t\t\t\t\t<\/div>\n\t\t\t\t<\/div>\n\t\t\t\t<\/div>\n\t\t\t\t<\/div>\n\t\t\t\t<\/div>\n\t\t\t\t<section class=\"elementor-section elementor-top-section elementor-element elementor-element-b8c41a9 elementor-section-boxed elementor-section-height-default elementor-section-height-default\" data-id=\"b8c41a9\" data-element_type=\"section\">\n\t\t\t\t\t\t<div class=\"elementor-container elementor-column-gap-default\">\n\t\t\t\t\t<div class=\"elementor-column elementor-col-100 elementor-top-column elementor-element elementor-element-67e85c2\" data-id=\"67e85c2\" data-element_type=\"column\">\n\t\t\t<div class=\"elementor-widget-wrap elementor-element-populated\">\n\t\t\t\t\t\t<section class=\"elementor-section elementor-inner-section elementor-element elementor-element-1182c79 elementor-section-boxed elementor-section-height-default elementor-section-height-default\" data-id=\"1182c79\" data-element_type=\"section\">\n\t\t\t\t\t\t<div class=\"elementor-container elementor-column-gap-default\">\n\t\t\t\t\t<div class=\"elementor-column elementor-col-100 elementor-inner-column elementor-element elementor-element-bd50859\" data-id=\"bd50859\" data-element_type=\"column\">\n\t\t\t<div class=\"elementor-widget-wrap elementor-element-populated\">\n\t\t\t\t\t\t<div class=\"elementor-element elementor-element-6bb04ce elementor-widget elementor-widget-heading\" data-id=\"6bb04ce\" data-element_type=\"widget\" data-widget_type=\"heading.default\">\n\t\t\t\t<div class=\"elementor-widget-container\">\n\t\t\t<h2 class=\"elementor-heading-title elementor-size-default\">Ce\u013cojiet<\/h2>\t\t<\/div>\n\t\t\t\t<\/div>\n\t\t\t\t<div class=\"elementor-element elementor-element-a176dc1 elementor-widget elementor-widget-heading\" data-id=\"a176dc1\" data-element_type=\"widget\" data-widget_type=\"heading.default\">\n\t\t\t\t<div class=\"elementor-widget-container\">\n\t\t\t<h6 class=\"elementor-heading-title elementor-size-default\">stil\u012bgi<\/h6>\t\t<\/div>\n\t\t\t\t<\/div>\n\t\t\t\t\t<\/div>\n\t\t<\/div>\n\t\t\t\t\t<\/div>\n\t\t<\/section>\n\t\t\t\t<div class=\"elementor-element elementor-element-fb0f0c6 elementor-widget elementor-widget-text-editor\" data-id=\"fb0f0c6\" data-element_type=\"widget\" data-widget_type=\"text-editor.default\">\n\t\t\t\t<div class=\"elementor-widget-container\">\n\t\t\t\t\t\t\tPersonaliz\u0113ts VIP transf\u0113rs uz m\u016bsu pils kompleksu\t\t\t\t\t\t<\/div>\n\t\t\t\t<\/div>\n\t\t\t\t\t<\/div>\n\t\t<\/div>\n\t\t\t\t\t<\/div>\n\t\t<\/section>\n\t\t<div class=\"elementor-element elementor-element-af4a613 e-flex e-con-boxed elementor-invisible e-con e-parent\" data-id=\"af4a613\" data-element_type=\"container\" data-settings=\"{&quot;animation&quot;:&quot;fadeIn&quot;,&quot;background_background&quot;:&quot;classic&quot;}\">\n\t\t\t\t\t<div class=\"e-con-inner\">\n\t\t<div data-dce-background-image-url=\"https:\/\/nurmuiza.lv\/wp-content\/uploads\/2024\/03\/Nurmuiza-VIP-transfers-3-scaled.webp\" class=\"elementor-element elementor-element-fa2a389 small-image-section e-con-full e-flex e-con e-child\" data-id=\"fa2a389\" data-element_type=\"container\" data-settings=\"{&quot;background_background&quot;:&quot;classic&quot;}\">\n\t\t\t\t<\/div>\n\t\t<div class=\"elementor-element elementor-element-1a91fc9 text-section e-con-full e-flex e-con e-child\" data-id=\"1a91fc9\" data-element_type=\"container\">\n\t\t<div class=\"elementor-element elementor-element-3b225db e-con-full e-flex e-con e-child\" data-id=\"3b225db\" data-element_type=\"container\">\n\t\t<div class=\"elementor-element elementor-element-d15463e text-section e-con-full e-flex e-con e-child\" data-id=\"d15463e\" data-element_type=\"container\">\n\t\t<div class=\"elementor-element elementor-element-b7026ab e-con-full e-flex e-con e-child\" data-id=\"b7026ab\" data-element_type=\"container\">\n\t\t<div class=\"elementor-element elementor-element-2373643 e-flex e-con-boxed e-con e-child\" data-id=\"2373643\" data-element_type=\"container\">\n\t\t\t\t\t<div class=\"e-con-inner\">\n\t\t\t\t<div class=\"elementor-element elementor-element-44dcc23 elementor-widget elementor-widget-heading\" data-id=\"44dcc23\" data-element_type=\"widget\" data-widget_type=\"heading.default\">\n\t\t\t\t<div class=\"elementor-widget-container\">\n\t\t\t<h2 class=\"elementor-heading-title elementor-size-default\">M\u016bsdien\u012bgs<\/h2>\t\t<\/div>\n\t\t\t\t<\/div>\n\t\t\t\t<div class=\"elementor-element elementor-element-0c0c2e9 elementor-widget elementor-widget-heading\" data-id=\"0c0c2e9\" data-element_type=\"widget\" data-widget_type=\"heading.default\">\n\t\t\t\t<div class=\"elementor-widget-container\">\n\t\t\t<h2 class=\"elementor-heading-title elementor-size-default\">autoparks<\/h2>\t\t<\/div>\n\t\t\t\t<\/div>\n\t\t\t\t\t<\/div>\n\t\t\t\t<\/div>\n\t\t\t\t<div class=\"elementor-element elementor-element-a2d2169 elementor-widget elementor-widget-text-editor\" data-id=\"a2d2169\" data-element_type=\"widget\" data-widget_type=\"text-editor.default\">\n\t\t\t\t<div class=\"elementor-widget-container\">\n\t\t\t\t\t\t\t<p class=\" translation-block\"><strong>Izbaudiet izsmalcin\u0101t\u012bbas un bag\u0101t\u012bbas virsotnes, izmantojot m\u016bsu VIP transf\u0113ra pakalpojumu, ko jums pied\u0101v\u0101 <a href=\"https:\/\/bbtoys.lv\/\" target=\"_blank\" rel=\"noopener\">Bad Boys Toys<\/a>. Neatkar\u012bgi no t\u0101, vai ierodaties no R\u012bgas vai dodaties uz m\u016bsu izcilo Nurmui\u017eas pils kompleksu, izbaudiet m\u016bsu ekskluz\u012bvo transportl\u012bdzek\u013cu parku un izbaudiet visliel\u0101ko grezn\u012bbu un komfortu.<\/strong><\/p><p><strong>S-CLASS:<\/strong><br \/>Ieejiet nep\u0101rsp\u0113jamas elegances valst\u012bb\u0101 ar m\u016bsu S-klases pakalpojumu. Atp\u016btieties stil\u012bg\u0101 komforta iemiesojum\u0101, iesl\u012bgstot greznos, pla\u0161os s\u0113dek\u013cos, kas paredz\u0113ti piln\u012bgai atp\u016btai. Ar pagarin\u0101to modeli, kas nodro\u0161ina bag\u0101t\u012bgu vietu k\u0101j\u0101m, un izsmalcin\u0101tajiem komfortablajiem s\u0113dek\u013ciem, kas garant\u0113 izcilu komfortu, j\u016bsu ce\u013cojums b\u016bs tikai un vien\u012bgi neparasts. M\u016bsu S-klase, kas var uz\u0146emt l\u012bdz \u010detriem pasa\u017eieriem un vi\u0146u bag\u0101\u017eu, tostarp p\u0113c piepras\u012bjuma ar\u012b dro\u0161us b\u0113rnu s\u0113dekl\u012b\u0161us, ir kvintesenci\u0101la izv\u0113le pras\u012bgiem ce\u013cot\u0101jiem, kas mekl\u0113 luksusa virsotni.<\/p><p><strong>V-CLASS LUXURY:<\/strong><br \/>Dodieties izsmalcin\u0101t\u0101 un elegant\u0101 ce\u013cojum\u0101 ar m\u016bsu V klases luksusa servisu. \u0160is minivena luksusa meistardarbs ar se\u0161\u0101m pl\u012b\u0161a s\u0113dviet\u0101m, kas nodro\u0161ina izcilu pasa\u017eieru atp\u016btu, garant\u0113, ka j\u016bsu ce\u013cojuma pieredze b\u016bs tikai un vien\u012bgi izcila. M\u016bsu V-klases mikroautobuss ar pietiekami daudz vietas gan pasa\u017eieriem, gan bag\u0101\u017eai, tostarp p\u0113c piepras\u012bjuma pieejamiem b\u0113rnu s\u0113dekl\u012b\u0161iem, kas paredz\u0113ti dro\u0161\u012bbai, nosaka VIP transf\u0113ra un transporta pakalpojumu ar vad\u012bt\u0101ju standartu.<\/p><p><strong>TURISMO:<\/strong><br \/>Tiem, kas mekl\u0113 grupu luksusa p\u0101rvad\u0101jumus, pied\u0101v\u0101jam m\u016bsu Turismo pakalpojumus. Turismo izstaro izsmalcin\u0101t\u012bbu un nep\u0101rsp\u0113jamu komfortu, un tas izce\u013cas k\u0101 luksusa ce\u013cojuma iemiesojums liel\u0101k\u0101m komp\u0101nij\u0101m. Ar pla\u0161u ietilp\u012bbu l\u012bdz pat 51 pasa\u017eierim un lielu bag\u0101\u017eas ietilp\u012bbu, lai ietilpin\u0101tu visas j\u016bsu ce\u013cojuma nepiecie\u0161am\u012bbas, m\u016bsu Turismo nodro\u0161ina, ka ikviens j\u016bsu ce\u013cojuma aspekts tiek veikts ar visliel\u0101ko r\u016bp\u012bbu un uzman\u012bbu deta\u013c\u0101m. P\u0113c piepras\u012bjuma ir pieejami b\u0113rnu s\u0113dekl\u012b\u0161i, kas atspogu\u013co m\u016bsu ap\u0146em\u0161anos par priorit\u0101ti noteikt katra pasa\u017eiera dro\u0161\u012bbu un komfortu.<\/p><p class=\" translation-block\">Indulge in the ultimate VIP transfer experience with <a href=\"https:\/\/bbtoys.lv\/\" target=\"_blank\" rel=\"noopener\">Bad Boys Toys<\/a>, where luxury knows no bounds and every journey is a celebration of sophistication and style.<\/p>\t\t\t\t\t\t<\/div>\n\t\t\t\t<\/div>\n\t\t\t\t<\/div>\n\t\t\t\t<\/div>\n\t\t\t\t<\/div>\n\t\t<div class=\"elementor-element elementor-element-23f9c06 e-con-full e-flex e-con e-child\" data-id=\"23f9c06\" data-element_type=\"container\">\n\t\t\t\t<div data-dce-background-color=\"#FFFFFF00\" class=\"elementor-element elementor-element-93a0aa2 elementor-align-justify filled elementor-widget-tablet__width-inherit elementor-widget elementor-widget-button\" data-id=\"93a0aa2\" data-element_type=\"widget\" data-widget_type=\"button.default\">\n\t\t\t\t<div class=\"elementor-widget-container\">\n\t\t\t\t\t<div class=\"elementor-button-wrapper\">\n\t\t\t<a class=\"elementor-button elementor-button-link elementor-size-md\" href=\"tel: 37126649500\">\n\t\t\t\t\t\t<span class=\"elementor-button-content-wrapper\">\n\t\t\t\t\t\t<span class=\"elementor-button-icon\">\n\t\t\t\t<i aria-hidden=\"true\" class=\"fas fa-phone-alt\"><\/i>\t\t\t<\/span>\n\t\t\t\t\t\t\t\t\t<span class=\"elementor-button-text\">+371 26 649 500<\/span>\n\t\t\t\t\t<\/span>\n\t\t\t\t\t<\/a>\n\t\t<\/div>\n\t\t\t\t<\/div>\n\t\t\t\t<\/div>\n\t\t\t\t<\/div>\n\t\t\t\t<\/div>\n\t\t\t\t\t<\/div>\n\t\t\t\t<\/div>\n\t\t<div class=\"elementor-element elementor-element-9ef9897 e-con-full e-flex e-con e-parent\" data-id=\"9ef9897\" data-element_type=\"container\">\n\t\t\t\t<div class=\"elementor-element elementor-element-49cbe68 elementor-arrows-position-outside elementor-widget elementor-widget-image-carousel\" data-id=\"49cbe68\" data-element_type=\"widget\" data-settings=\"{&quot;slides_to_show&quot;:&quot;3&quot;,&quot;slides_to_show_tablet&quot;:&quot;3&quot;,&quot;slides_to_show_mobile&quot;:&quot;2&quot;,&quot;slides_to_scroll&quot;:&quot;1&quot;,&quot;navigation&quot;:&quot;arrows&quot;,&quot;lazyload&quot;:&quot;yes&quot;,&quot;image_spacing_custom&quot;:{&quot;unit&quot;:&quot;px&quot;,&quot;size&quot;:48,&quot;sizes&quot;:[]},&quot;infinite&quot;:&quot;yes&quot;,&quot;speed&quot;:500,&quot;image_spacing_custom_tablet&quot;:{&quot;unit&quot;:&quot;px&quot;,&quot;size&quot;:&quot;&quot;,&quot;sizes&quot;:[]},&quot;image_spacing_custom_mobile&quot;:{&quot;unit&quot;:&quot;px&quot;,&quot;size&quot;:&quot;&quot;,&quot;sizes&quot;:[]}}\" data-widget_type=\"image-carousel.default\">\n\t\t\t\t<div class=\"elementor-widget-container\">\n\t\t\t\t\t<div class=\"elementor-image-carousel-wrapper swiper\" dir=\"ltr\">\n\t\t\t<div class=\"elementor-image-carousel swiper-wrapper swiper-image-stretch\" aria-live=\"polite\">\n\t\t\t\t\t\t\t\t<div class=\"swiper-slide\" role=\"group\" aria-roledescription=\"slide\" aria-label=\"1 of 3\"><a data-elementor-open-lightbox=\"yes\" data-elementor-lightbox-slideshow=\"49cbe68\" data-elementor-lightbox-title=\"Nurmuiza-VIP-transfers-Real-3\" data-e-action-hash=\"#elementor-action%3Aaction%3Dlightbox%26settings%3DeyJpZCI6NzI4OCwidXJsIjoiaHR0cHM6XC9cL251cm11aXphLmx2XC93cC1jb250ZW50XC91cGxvYWRzXC8yMDI0XC8wM1wvTnVybXVpemEtVklQLXRyYW5zZmVycy1SZWFsLTMud2VicCIsInNsaWRlc2hvdyI6IjQ5Y2JlNjgifQ%3D%3D\" href=\"https:\/\/nurmuiza.lv\/wp-content\/uploads\/2024\/03\/Nurmuiza-VIP-transfers-Real-3.webp\"><figure class=\"swiper-slide-inner\"><img class=\"swiper-slide-image swiper-lazy\" data-src=\"https:\/\/nurmuiza.lv\/wp-content\/uploads\/elementor\/thumbs\/Nurmuiza-VIP-transfers-Real-3-qllf5odv49kywrsukevl0jjczpbip2x1bi0nfae7pg.webp\" alt=\"Nurmuiza-VIP-transfers-Real-3\" \/><div class=\"swiper-lazy-preloader\"><\/div><\/figure><\/a><\/div><div class=\"swiper-slide\" role=\"group\" aria-roledescription=\"slide\" aria-label=\"2 of 3\"><a data-elementor-open-lightbox=\"yes\" data-elementor-lightbox-slideshow=\"49cbe68\" data-elementor-lightbox-title=\"Nurmuiza-VIP-transfers-Real-2\" data-e-action-hash=\"#elementor-action%3Aaction%3Dlightbox%26settings%3DeyJpZCI6NzI4NywidXJsIjoiaHR0cHM6XC9cL251cm11aXphLmx2XC93cC1jb250ZW50XC91cGxvYWRzXC8yMDI0XC8wM1wvTnVybXVpemEtVklQLXRyYW5zZmVycy1SZWFsLTIud2VicCIsInNsaWRlc2hvdyI6IjQ5Y2JlNjgifQ%3D%3D\" href=\"https:\/\/nurmuiza.lv\/wp-content\/uploads\/2024\/03\/Nurmuiza-VIP-transfers-Real-2.webp\"><figure class=\"swiper-slide-inner\"><img class=\"swiper-slide-image swiper-lazy\" data-src=\"https:\/\/nurmuiza.lv\/wp-content\/uploads\/elementor\/thumbs\/Nurmuiza-VIP-transfers-Real-2-qllf5lkcjrh3xxwy0vnpb28z7jpf1zlub426zgie84.webp\" alt=\"Nurmuiza-VIP-transfers-Real-2\" \/><div class=\"swiper-lazy-preloader\"><\/div><\/figure><\/a><\/div><div class=\"swiper-slide\" role=\"group\" aria-roledescription=\"slide\" aria-label=\"3 of 3\"><a data-elementor-open-lightbox=\"yes\" data-elementor-lightbox-slideshow=\"49cbe68\" data-elementor-lightbox-title=\"Nurmuiza-VIP-transfers-Real-1\" data-e-action-hash=\"#elementor-action%3Aaction%3Dlightbox%26settings%3DeyJpZCI6NzI4NiwidXJsIjoiaHR0cHM6XC9cL251cm11aXphLmx2XC93cC1jb250ZW50XC91cGxvYWRzXC8yMDI0XC8wM1wvTnVybXVpemEtVklQLXRyYW5zZmVycy1SZWFsLTEud2VicCIsInNsaWRlc2hvdyI6IjQ5Y2JlNjgifQ%3D%3D\" href=\"https:\/\/nurmuiza.lv\/wp-content\/uploads\/2024\/03\/Nurmuiza-VIP-transfers-Real-1.webp\"><figure class=\"swiper-slide-inner\"><img class=\"swiper-slide-image swiper-lazy\" data-src=\"https:\/\/nurmuiza.lv\/wp-content\/uploads\/elementor\/thumbs\/Nurmuiza-VIP-transfers-Real-1-qllf5joo63ejapzobuug62q20ryomledmur80wl6kk.webp\" alt=\"Nurmuiza-VIP-transfers-Real-1\" \/><div class=\"swiper-lazy-preloader\"><\/div><\/figure><\/a><\/div>\t\t\t<\/div>\n\t\t\t\t\t\t\t\t\t\t\t\t<div class=\"elementor-swiper-button elementor-swiper-button-prev\" role=\"button\" tabindex=\"0\">\n\t\t\t\t\t\t<i aria-hidden=\"true\" class=\"eicon-chevron-left\"><\/i>\t\t\t\t\t<\/div>\n\t\t\t\t\t<div class=\"elementor-swiper-button elementor-swiper-button-next\" role=\"button\" tabindex=\"0\">\n\t\t\t\t\t\t<i aria-hidden=\"true\" class=\"eicon-chevron-right\"><\/i>\t\t\t\t\t<\/div>\n\t\t\t\t\n\t\t\t\t\t\t\t\t\t<\/div>\n\t\t\t\t<\/div>\n\t\t\t\t<\/div>\n\t\t\t\t<\/div>\n\t\t<div class=\"elementor-element elementor-element-f2ec12f e-flex e-con-boxed e-con e-parent\" data-id=\"f2ec12f\" data-element_type=\"container\">\n\t\t\t\t\t<div class=\"e-con-inner\">\n\t\t\t\t\t<\/div>\n\t\t\t\t<\/div>\n\t\t\t\t<\/div>","protected":false},"excerpt":{"rendered":"<p>Nurmui\u017eas Pils +371 29 255 167<\/p>","protected":false},"author":1,"featured_media":0,"parent":0,"menu_order":0,"comment_status":"closed","ping_status":"closed","template":"elementor_header_footer","meta":{"footnotes":""},"class_list":["post-7237","page","type-page","status-publish"],"acf":[],"_links":{"self":[{"href":"https:\/\/nurmuiza.lv\/lv\/wp-json\/wp\/v2\/pages\/7237","targetHints":{"allow":["GET"]}}],"collection":[{"href":"https:\/\/nurmuiza.lv\/lv\/wp-json\/wp\/v2\/pages"}],"about":[{"href":"https:\/\/nurmuiza.lv\/lv\/wp-json\/wp\/v2\/types\/page"}],"author":[{"embeddable":true,"href":"https:\/\/nurmuiza.lv\/lv\/wp-json\/wp\/v2\/users\/1"}],"replies":[{"embeddable":true,"href":"https:\/\/nurmuiza.lv\/lv\/wp-json\/wp\/v2\/comments?post=7237"}],"version-history":[{"count":45,"href":"https:\/\/nurmuiza.lv\/lv\/wp-json\/wp\/v2\/pages\/7237\/revisions"}],"predecessor-version":[{"id":7302,"href":"https:\/\/nurmuiza.lv\/lv\/wp-json\/wp\/v2\/pages\/7237\/revisions\/7302"}],"wp:attachment":[{"href":"https:\/\/nurmuiza.lv\/lv\/wp-json\/wp\/v2\/media?parent=7237"}],"curies":[{"name":"wp","href":"https:\/\/api.w.org\/{rel}","templated":true}]}}